{"id":101,"date":"2025-07-23T21:09:39","date_gmt":"2025-07-23T20:09:39","guid":{"rendered":"https:\/\/www.ig-vorholz.de\/?page_id=101"},"modified":"2025-11-02T19:51:22","modified_gmt":"2025-11-02T18:51:22","slug":"unsere-ziele","status":"publish","type":"page","link":"https:\/\/www.ig-vorholz.de\/?page_id=101","title":{"rendered":"Ziele"},"content":{"rendered":"<p>[et_pb_section fb_built=&#8220;1&#8243; theme_builder_area=&#8220;post_content&#8220; _builder_version=&#8220;4.27.4&#8243; _module_preset=&#8220;default&#8220;][et_pb_row _builder_version=&#8220;4.27.4&#8243; _module_preset=&#8220;default&#8220; theme_builder_area=&#8220;post_content&#8220;][et_pb_column _builder_version=&#8220;4.27.4&#8243; _module_preset=&#8220;default&#8220; type=&#8220;4_4&#8243; theme_builder_area=&#8220;post_content&#8220;][et_pb_heading title=&#8220;Unser Ziele&#8220; _builder_version=&#8220;4.27.4&#8243; _module_preset=&#8220;default&#8220; theme_builder_area=&#8220;post_content&#8220; hover_enabled=&#8220;0&#8243; sticky_enabled=&#8220;0&#8243;][\/et_pb_heading][et_pb_text _builder_version=&#8220;4.27.4&#8243; _module_preset=&#8220;default&#8220; theme_builder_area=&#8220;post_content&#8220; hover_enabled=&#8220;0&#8243; sticky_enabled=&#8220;0&#8243;]<\/p>\n<p class=\"whitespace-normal break-words\"><strong>Unser Ziel:<\/strong> Die nachhaltige Entwicklung der Vorhofregion. Dies soll verwirklicht werden durch Projekte f\u00fcr den Schutz der Fauna und Flora sowie durch Information und Aufkl\u00e4rungsarbeit dar\u00fcber.<\/p>\n<p class=\"whitespace-normal break-words\"><strong>WIR<\/strong> m\u00f6chten einen sinnvollen Umgang des Menschen mit der Natur auf dem Weg zum Klimawandel der Zukunft f\u00f6rdern.<\/p>\n<p class=\"whitespace-normal break-words\"><strong>WIR<\/strong> unterst\u00fctzen und begleiten Projekte des Forstamt Rheinhessen und der Verbandsgemeinde Alzey Land zum Beispiel bei der Gestaltung des Waldlehrpfades und der Hinweistour im Vorholzgebiet<\/p>\n<p class=\"whitespace-normal break-words\"><strong>WIR<\/strong> kooperieren mit Natur und Tiersch\u00fctzern und Vereine wie Nabu Alzey und Umgebung. Sie erg\u00e4nzen unser Wissen und verst\u00e4rken unsere Arbeit. WIR unterst\u00fctzen die Wildtierpflege in der Region.<\/p>\n<p class=\"whitespace-normal break-words\"><strong>WIR<\/strong> m\u00f6chten insbesondere f\u00fcr Kinder und f\u00fcr immobile Menschen Angebote in der Region dauerhaft schaffen.<\/p>\n<p class=\"whitespace-normal break-words\"><strong>WIR<\/strong> m\u00f6chten eine gute Kommunikation und Information mit den Gemeinden sicherstellen. Besonderheiten in den Gemeinden darstellen, auf die Gastronomie und \u00dcbernachtungsm\u00f6glichkeiten hinweisen.<\/p>\n<p class=\"whitespace-normal break-words\"><strong>WIR<\/strong> halten Kontakt mit den Tourismusverb\u00e4nden in der Umgebung. Dies ist notwendig f\u00fcr eine effiziente \u00d6ffentlichkeitsarbeit. Veranstaltungen vor Vorholzregion sollen das vorhandene Angebot erg\u00e4nzen.<\/p>\n<p>[\/et_pb_text][\/et_pb_column][\/et_pb_row][\/et_pb_section]<\/p>\n","protected":false},"excerpt":{"rendered":"<p>Unser Ziel: Die nachhaltige Entwicklung der Vorhofregion. Dies soll verwirklicht werden durch Projekte f\u00fcr den Schutz der Fauna und Flora sowie durch Information und Aufkl\u00e4rungsarbeit dar\u00fcber. WIR m\u00f6chten einen sinnvollen Umgang des Menschen mit der Natur auf dem Weg zum Klimawandel der Zukunft f\u00f6rdern. WIR unterst\u00fctzen und begleiten Projekte des Forstamt Rheinhessen und der Verbandsgemeinde [&hellip;]<\/p>\n","protected":false},"author":1,"featured_media":0,"parent":0,"menu_order":0,"comment_status":"closed","ping_status":"closed","template":"","meta":{"_et_pb_use_builder":"on","_et_pb_old_content":"","_et_gb_content_width":"","footnotes":""},"class_list":["post-101","page","type-page","status-publish","hentry"],"_links":{"self":[{"href":"https:\/\/www.ig-vorholz.de\/index.php?rest_route=\/wp\/v2\/pages\/101","targetHints":{"allow":["GET"]}}],"collection":[{"href":"https:\/\/www.ig-vorholz.de\/index.php?rest_route=\/wp\/v2\/pages"}],"about":[{"href":"https:\/\/www.ig-vorholz.de\/index.php?rest_route=\/wp\/v2\/types\/page"}],"author":[{"embeddable":true,"href":"https:\/\/www.ig-vorholz.de\/index.php?rest_route=\/wp\/v2\/users\/1"}],"replies":[{"embeddable":true,"href":"https:\/\/www.ig-vorholz.de\/index.php?rest_route=%2Fwp%2Fv2%2Fcomments&post=101"}],"version-history":[{"count":4,"href":"https:\/\/www.ig-vorholz.de\/index.php?rest_route=\/wp\/v2\/pages\/101\/revisions"}],"predecessor-version":[{"id":179,"href":"https:\/\/www.ig-vorholz.de\/index.php?rest_route=\/wp\/v2\/pages\/101\/revisions\/179"}],"wp:attachment":[{"href":"https:\/\/www.ig-vorholz.de\/index.php?rest_route=%2Fwp%2Fv2%2Fmedia&parent=101"}],"curies":[{"name":"wp","href":"https:\/\/api.w.org\/{rel}","templated":true}]}}