{"id":19,"date":"2025-03-02T22:54:27","date_gmt":"2025-03-02T21:54:27","guid":{"rendered":"https:\/\/www.ig-vorholz.de\/wordpress\/?page_id=19"},"modified":"2026-03-01T21:11:39","modified_gmt":"2026-03-01T20:11:39","slug":"vorstand","status":"publish","type":"page","link":"https:\/\/www.ig-vorholz.de\/?page_id=19","title":{"rendered":"\u00dcber uns"},"content":{"rendered":"<p>[et_pb_section fb_built=&#8220;1&#8243; _builder_version=&#8220;4.27.4&#8243; _module_preset=&#8220;default&#8220; global_colors_info=&#8220;{}&#8220; theme_builder_area=&#8220;post_content&#8220;][et_pb_row _builder_version=&#8220;4.27.4&#8243; _module_preset=&#8220;default&#8220; global_colors_info=&#8220;{}&#8220; theme_builder_area=&#8220;post_content&#8220;][et_pb_column type=&#8220;4_4&#8243; _builder_version=&#8220;4.27.4&#8243; _module_preset=&#8220;default&#8220; global_colors_info=&#8220;{}&#8220; theme_builder_area=&#8220;post_content&#8220;][et_pb_heading title=&#8220;WIR DIE INITIATIVE DER VORHOLZREGION    &#8220; _builder_version=&#8220;4.27.4&#8243; _module_preset=&#8220;default&#8220; global_colors_info=&#8220;{}&#8220; theme_builder_area=&#8220;post_content&#8220;][\/et_pb_heading][et_pb_text _builder_version=&#8220;4.27.5&#8243; _module_preset=&#8220;default&#8220; global_colors_info=&#8220;{}&#8220; theme_builder_area=&#8220;post_content&#8220;]<\/p>\n<p style=\"font-weight: 400;\">Schon seit langer Zeit herrschte unter den B\u00fcrger und B\u00fcrgerinnen der acht Ortsgemeinden rund um das Vorholz Einigkeit dar\u00fcber, dass eine Zusammenarbeit zur F\u00f6rderung der gemeinsamen Interessen sinnvoll w\u00e4re.<\/p>\n<p style=\"font-weight: 400;\">Initiatoren der IG Vorholzregion Herbst 2022 &#8211;\u00a0Wilhelm Kern Nieder Wiesen, Peter Odermann Offenheim, Ralf D\u00fcnnes, Ute Stein, Angela und Hans Walter Sauer Bechenheim, Norbert Lahm, Nack.<span>\u00a0 <\/span><\/p>\n<p>[\/et_pb_text][\/et_pb_column][\/et_pb_row][et_pb_row column_structure=&#8220;1_2,1_2&#8243; _builder_version=&#8220;4.27.4&#8243; _module_preset=&#8220;default&#8220; global_colors_info=&#8220;{}&#8220; theme_builder_area=&#8220;post_content&#8220;][et_pb_column type=&#8220;1_2&#8243; _builder_version=&#8220;4.27.4&#8243; _module_preset=&#8220;default&#8220; global_colors_info=&#8220;{}&#8220; theme_builder_area=&#8220;post_content&#8220;][et_pb_image src=&#8220;https:\/\/www.ig-vorholz.de\/wp-content\/uploads\/2026\/03\/WhatsApp-Image-2026-03-01-at-12.47.02-e1772365747418.jpeg&#8220; title_text=&#8220;WhatsApp Image 2026-03-01 at 12.47.02&#8243; _builder_version=&#8220;4.27.5&#8243; _module_preset=&#8220;default&#8220; hover_enabled=&#8220;0&#8243; global_colors_info=&#8220;{}&#8220; theme_builder_area=&#8220;post_content&#8220; align=&#8220;center&#8220; sticky_enabled=&#8220;0&#8243;][\/et_pb_image][\/et_pb_column][et_pb_column type=&#8220;1_2&#8243; _builder_version=&#8220;4.27.4&#8243; _module_preset=&#8220;default&#8220; global_colors_info=&#8220;{}&#8220; theme_builder_area=&#8220;post_content&#8220;][et_pb_text _builder_version=&#8220;4.27.5&#8243; _module_preset=&#8220;default&#8220; global_colors_info=&#8220;{}&#8220; theme_builder_area=&#8220;post_content&#8220;][\/et_pb_text][\/et_pb_column][\/et_pb_row][et_pb_row _builder_version=&#8220;4.27.4&#8243; _module_preset=&#8220;default&#8220; global_colors_info=&#8220;{}&#8220; theme_builder_area=&#8220;post_content&#8220;][et_pb_column type=&#8220;4_4&#8243; _builder_version=&#8220;4.27.4&#8243; _module_preset=&#8220;default&#8220; global_colors_info=&#8220;{}&#8220; theme_builder_area=&#8220;post_content&#8220;][et_pb_text _builder_version=&#8220;4.27.5&#8243; _module_preset=&#8220;default&#8220; hover_enabled=&#8220;0&#8243; global_colors_info=&#8220;{}&#8220; theme_builder_area=&#8220;post_content&#8220; sticky_enabled=&#8220;0&#8243;]<\/p>\n<p style=\"font-weight: 400;\">Aus dieser Idee entstand im Fr\u00fchjahr 2022 die Interessengemeinschaft der Vorholzregion und am 4. Dezember 2024 folgte die Vereinsgr\u00fcndungmit folgend aufgef\u00fchrten Vorstandsmitgliedern.<\/p>\n<p style=\"font-weight: 400;\">Im Februar 2026 wurde der Vorstand erg\u00e4nzt.<\/p>\n<p>[\/et_pb_text][et_pb_text _builder_version=&#8220;4.27.4&#8243; _module_preset=&#8220;default&#8220; global_colors_info=&#8220;{}&#8220; theme_builder_area=&#8220;post_content&#8220;]<\/p>\n<table border=\"1\" style=\"border-collapse: collapse; width: 100%; height: 308px;\">\n<tbody>\n<tr style=\"height: 24px;\">\n<td style=\"width: 33.333333%; height: 24px;\"><strong>1. Vorsitzende<\/strong><\/td>\n<td style=\"width: 33.333333%; height: 24px;\">Angela Sauer<\/td>\n<td style=\"width: 33.333333%; height: 24px;\">Bechenheim<\/td>\n<\/tr>\n<tr style=\"height: 12px;\">\n<td style=\"width: 33.333333%; height: 12px;\"><\/td>\n<td style=\"width: 33.333333%; height: 12px;\"><\/td>\n<td style=\"width: 33.333333%; height: 12px;\"><\/td>\n<\/tr>\n<tr style=\"height: 24px;\">\n<td style=\"width: 33.333333%; height: 24px;\"><strong>2. Vorsitzende<\/strong><\/td>\n<td style=\"width: 33.333333%; height: 24px;\">Heike Renz<\/td>\n<td style=\"width: 33.333333%; height: 24px;\">Oberwiesen<\/td>\n<\/tr>\n<tr style=\"height: 24px;\">\n<td style=\"width: 33.333333%; height: 24px;\"><\/td>\n<td style=\"width: 33.333333%; height: 24px;\"><\/td>\n<td style=\"width: 33.333333%; height: 24px;\"><\/td>\n<\/tr>\n<tr style=\"height: 24px;\">\n<td style=\"width: 33.333333%; height: 24px;\"><strong>Schatzmeister<\/strong><\/td>\n<td style=\"width: 33.333333%; height: 24px;\">Guido Stein<\/td>\n<td style=\"width: 33.333333%; height: 24px;\">Bechenheim<\/td>\n<\/tr>\n<tr style=\"height: 24px;\">\n<td style=\"width: 33.333333%; height: 24px;\"><\/td>\n<td style=\"width: 33.333333%; height: 24px;\"><\/td>\n<td style=\"width: 33.333333%; height: 24px;\"><\/td>\n<\/tr>\n<tr style=\"height: 24px;\">\n<td style=\"width: 33.333333%; height: 24px;\"><strong>Schriftf\u00fchrer<\/strong><\/td>\n<td style=\"width: 33.333333%; height: 24px;\">Meike Hofmann<\/td>\n<td style=\"width: 33.333333%; height: 24px;\">Bechenheim<\/td>\n<\/tr>\n<tr style=\"height: 24px;\">\n<td style=\"width: 33.333333%; height: 24px;\"><\/td>\n<td style=\"width: 33.333333%; height: 24px;\"><\/td>\n<td style=\"width: 33.333333%; height: 24px;\"><\/td>\n<\/tr>\n<tr style=\"height: 24px;\">\n<td style=\"width: 33.333333%; height: 24px;\"><strong>Beisitzer<\/strong><\/td>\n<td style=\"width: 33.333333%; height: 24px;\">Horst Anspach<\/td>\n<td style=\"width: 33.333333%; height: 24px;\">Bechenheim<\/td>\n<\/tr>\n<tr style=\"height: 24px;\">\n<td style=\"width: 33.333333%; height: 24px;\"><\/td>\n<td style=\"width: 33.333333%; height: 24px;\">Ralf D\u00fcnnes<\/td>\n<td style=\"width: 33.333333%; height: 24px;\">Bechenheim<\/td>\n<\/tr>\n<tr style=\"height: 24px;\">\n<td style=\"width: 33.333333%; height: 24px;\"><\/td>\n<td style=\"width: 33.333333%; height: 24px;\">Peter Odermann<\/td>\n<td style=\"width: 33.333333%; height: 24px;\">Offenheim<\/td>\n<\/tr>\n<tr style=\"height: 56px;\">\n<td style=\"width: 33.333333%; height: 56px;\"><\/td>\n<td style=\"width: 33.333333%; height: 56px;\">Norbert Lahm<\/td>\n<td style=\"width: 33.333333%; height: 56px;\">Nack<\/td>\n<\/tr>\n<tr>\n<td style=\"width: 33.3333%;\"><\/td>\n<td style=\"width: 33.3333%;\">Elke R\u00f6\u00dfler<\/td>\n<td style=\"width: 33.3333%;\">Morschheim<\/td>\n<\/tr>\n<\/tbody>\n<\/table>\n<p>[\/et_pb_text][\/et_pb_column][\/et_pb_row][\/et_pb_section]<\/p>\n","protected":false},"excerpt":{"rendered":"<p>Schon seit langer Zeit herrschte unter den B\u00fcrger und B\u00fcrgerinnen der acht Ortsgemeinden rund um das Vorholz Einigkeit dar\u00fcber, dass eine Zusammenarbeit zur F\u00f6rderung der gemeinsamen Interessen sinnvoll w\u00e4re. Initiatoren der IG Vorholzregion Herbst 2022 &#8211;\u00a0Wilhelm Kern Nieder Wiesen, Peter Odermann Offenheim, Ralf D\u00fcnnes, Ute Stein, Angela und Hans Walter Sauer Bechenheim, Norbert Lahm, Nack.\u00a0 [&hellip;]<\/p>\n","protected":false},"author":1,"featured_media":0,"parent":0,"menu_order":0,"comment_status":"closed","ping_status":"closed","template":"","meta":{"_et_pb_use_builder":"on","_et_pb_old_content":"","_et_gb_content_width":"","footnotes":""},"class_list":["post-19","page","type-page","status-publish","hentry"],"_links":{"self":[{"href":"https:\/\/www.ig-vorholz.de\/index.php?rest_route=\/wp\/v2\/pages\/19","targetHints":{"allow":["GET"]}}],"collection":[{"href":"https:\/\/www.ig-vorholz.de\/index.php?rest_route=\/wp\/v2\/pages"}],"about":[{"href":"https:\/\/www.ig-vorholz.de\/index.php?rest_route=\/wp\/v2\/types\/page"}],"author":[{"embeddable":true,"href":"https:\/\/www.ig-vorholz.de\/index.php?rest_route=\/wp\/v2\/users\/1"}],"replies":[{"embeddable":true,"href":"https:\/\/www.ig-vorholz.de\/index.php?rest_route=%2Fwp%2Fv2%2Fcomments&post=19"}],"version-history":[{"count":7,"href":"https:\/\/www.ig-vorholz.de\/index.php?rest_route=\/wp\/v2\/pages\/19\/revisions"}],"predecessor-version":[{"id":303,"href":"https:\/\/www.ig-vorholz.de\/index.php?rest_route=\/wp\/v2\/pages\/19\/revisions\/303"}],"wp:attachment":[{"href":"https:\/\/www.ig-vorholz.de\/index.php?rest_route=%2Fwp%2Fv2%2Fmedia&parent=19"}],"curies":[{"name":"wp","href":"https:\/\/api.w.org\/{rel}","templated":true}]}}